{"id":171,"date":"2012-09-20T14:34:16","date_gmt":"2012-09-20T12:34:16","guid":{"rendered":"http:\/\/ez-und-geschlecht.podcast-kombinat.de\/?page_id=171"},"modified":"2012-09-20T14:34:16","modified_gmt":"2012-09-20T12:34:16","slug":"lessons-learned","status":"publish","type":"page","link":"http:\/\/ez-und-geschlecht.podcast-kombinat.de\/?page_id=171","title":{"rendered":"Lessons Learned"},"content":{"rendered":"<p>W\u00e4hrend unseres Projektes sind uns verschiedene Dinge aufgefallen, die wir bei den n\u00e4chsten Interviewaufnahmen verbessern oder zumindest anders machen m\u00f6chten.\u00a0\u00a0\u00a0\u00a0 Aus diesen Erfahrungen haben wir sogenannte &#8222;Dos&#8220; und &#8222;Don`ts&#8220; entwickelt<strong>, <\/strong>die wir ver\u00f6ffentlichen, damit sie euch gegebenfalls weiterhelfen:<strong><br \/>\n<\/strong><\/p>\n<ul>\n<li>Immer B-Fragen im Peto haben.<\/li>\n<li>Bei Aufnahmen ohne Video nicht st\u00e4ndig &#8222;Hmm&#8220; sagen.<\/li>\n<li>Bahntickets fr\u00fchzeitig buchen.<\/li>\n<li>Bei ausweichenden Antworten gezielt nachhaken.<\/li>\n<li>Im Vorfeld der Aufnahme nonverbale Kommunikationsformen ausmachen, um sich besser mit dem Partner oder der Partnerin verst\u00e4ndigen und absprechen zu k\u00f6nnen.<\/li>\n<\/ul>\n<p><strong><br \/>\n<\/strong><\/p>\n<p>&nbsp;<\/p>\n<p>&nbsp;<\/p>\n<p>&nbsp;<\/p>\n","protected":false},"excerpt":{"rendered":"<p>W\u00e4hrend unseres Projektes sind uns verschiedene Dinge aufgefallen, die wir bei den n\u00e4chsten Interviewaufnahmen verbessern oder zumindest anders machen m\u00f6chten.\u00a0\u00a0\u00a0\u00a0 Aus diesen Erfahrungen haben wir sogenannte &#8222;Dos&#8220; und &#8222;Don`ts&#8220; entwickelt, die wir ver\u00f6ffentlichen, damit sie euch gegebenfalls weiterhelfen: Immer B-Fragen &hellip; <a href=\"http:\/\/ez-und-geschlecht.podcast-kombinat.de\/?page_id=171\">Weiterlesen <span class=\"meta-nav\">&rarr;<\/span><\/a><\/p>\n","protected":false},"author":11,"featured_media":0,"parent":20,"menu_order":2,"comment_status":"open","ping_status":"open","template":"","meta":{"footnotes":""},"class_list":["post-171","page","type-page","status-publish","hentry"],"_links":{"self":[{"href":"http:\/\/ez-und-geschlecht.podcast-kombinat.de\/index.php?rest_route=\/wp\/v2\/pages\/171","targetHints":{"allow":["GET"]}}],"collection":[{"href":"http:\/\/ez-und-geschlecht.podcast-kombinat.de\/index.php?rest_route=\/wp\/v2\/pages"}],"about":[{"href":"http:\/\/ez-und-geschlecht.podcast-kombinat.de\/index.php?rest_route=\/wp\/v2\/types\/page"}],"author":[{"embeddable":true,"href":"http:\/\/ez-und-geschlecht.podcast-kombinat.de\/index.php?rest_route=\/wp\/v2\/users\/11"}],"replies":[{"embeddable":true,"href":"http:\/\/ez-und-geschlecht.podcast-kombinat.de\/index.php?rest_route=%2Fwp%2Fv2%2Fcomments&post=171"}],"version-history":[{"count":14,"href":"http:\/\/ez-und-geschlecht.podcast-kombinat.de\/index.php?rest_route=\/wp\/v2\/pages\/171\/revisions"}],"predecessor-version":[{"id":197,"href":"http:\/\/ez-und-geschlecht.podcast-kombinat.de\/index.php?rest_route=\/wp\/v2\/pages\/171\/revisions\/197"}],"up":[{"embeddable":true,"href":"http:\/\/ez-und-geschlecht.podcast-kombinat.de\/index.php?rest_route=\/wp\/v2\/pages\/20"}],"wp:attachment":[{"href":"http:\/\/ez-und-geschlecht.podcast-kombinat.de\/index.php?rest_route=%2Fwp%2Fv2%2Fmedia&parent=171"}],"curies":[{"name":"wp","href":"https:\/\/api.w.org\/{rel}","templated":true}]}}